{"id":583,"date":"2025-05-05T09:41:23","date_gmt":"2025-05-05T07:41:23","guid":{"rendered":"https:\/\/wooderson.websitetotal.com\/?post_type=product&#038;p=583"},"modified":"2025-05-07T12:53:14","modified_gmt":"2025-05-07T10:53:14","slug":"matpakkeguiden-e-bok","status":"publish","type":"product","link":"https:\/\/wooderson.websitetotal.com\/sr\/\u043f\u0440\u043e\u0438\u0437\u0432\u043e\u0434\/matpakkeguiden-e-bok\/","title":{"rendered":"Matpakkeguiden [e-bok]"},"content":{"rendered":"","protected":false},"excerpt":{"rendered":"<p><span data-story-id=\"story_dfe6eb6f472ed6022c8c889af4fbe189\" data-room-id=\"room_a5dd91913f3105a27fd0d97f1802e624\" data-timestamp=\"1510150141888\" data-text=\"Denne juiceboken er en fantastisk m\u00e5te \u00e5 f\u00e5 i barna, og hele familien mer gr\u00f8nnsaker. Stine og Veronika i Bare Bra Barnemat har snekret sammen 20 n\u00e6ringsrike juiceoppskrifter til deg i aller regnbuens farger. Du f\u00e5r ogs\u00e5 bonusoppskrifter p\u00e5 smoothies, naturlig s\u00f8te iskremer og n\u00f8ttemelk som alle i familien kommer til \u00e5 elske.\" data-userid=\"916269668838719488\" data-orgid=\"916269669407436800\">Gode\u00a0og\u00a0n\u00e6ringsrike\u00a0matpakker\u00a0skal\u00a0v\u00e6re\u00a0enkelt\u00a0\u00e5\u00a0f\u00e5\u00a0til.\u00a0<\/span><\/p>\n<p><span data-story-id=\"story_dfe6eb6f472ed6022c8c889af4fbe189\" data-room-id=\"room_a5dd91913f3105a27fd0d97f1802e624\" data-timestamp=\"1510150141888\" data-text=\"Denne juiceboken er en fantastisk m\u00e5te \u00e5 f\u00e5 i barna, og hele familien mer gr\u00f8nnsaker. Stine og Veronika i Bare Bra Barnemat har snekret sammen 20 n\u00e6ringsrike juiceoppskrifter til deg i aller regnbuens farger. Du f\u00e5r ogs\u00e5 bonusoppskrifter p\u00e5 smoothies, naturlig s\u00f8te iskremer og n\u00f8ttemelk som alle i familien kommer til \u00e5 elske.\" data-userid=\"916269668838719488\" data-orgid=\"916269669407436800\">I denne e-boken f\u00e5r du tips til 40 matpakker som passer barn b\u00e5de i barnehage og skolealder. Du f\u00e5r ogs\u00e5 8 oppskrifter p\u00e5 blant annet bananlapper, matpakkebr\u00f8d og leverburger.\u00a0 <\/span>Oppskriftene er enkle, n\u00e6ringsrike og ikke minst veldig gode p\u00e5 smak.<\/p>\n<p>Vel bekomme, klem fra Veronika og Stine<\/p>\n<p>&nbsp;<\/p>\n","protected":false},"featured_media":614,"comment_status":"open","ping_status":"closed","template":"","meta":[],"product_brand":[],"product_cat":[74],"product_tag":[],"class_list":{"0":"post-583","1":"product","2":"type-product","3":"status-publish","4":"has-post-thumbnail","6":"product_cat-e-boker","8":"first","9":"instock","10":"downloadable","11":"virtual","12":"purchasable","13":"product-type-simple"},"composite_virtual":false,"composite_layout":"","composite_add_to_cart_form_location":"","composite_editable_in_cart":false,"composite_sold_individually_context":"","composite_shop_price_calc":"","composite_components":[],"composite_scenarios":[],"bundled_by":[],"bundle_stock_status":"instock","bundle_stock_quantity":null,"bundle_virtual":false,"bundle_layout":"","bundle_add_to_cart_form_location":"","bundle_editable_in_cart":false,"bundle_sold_individually_context":"","bundle_item_grouping":"","bundle_min_size":"","bundle_max_size":"","bundle_price":[],"bundled_items":[],"bundle_sell_ids":[],"_links":{"self":[{"href":"https:\/\/wooderson.websitetotal.com\/sr\/wp-json\/wp\/v2\/product\/583","targetHints":{"allow":["GET"]}}],"collection":[{"href":"https:\/\/wooderson.websitetotal.com\/sr\/wp-json\/wp\/v2\/product"}],"about":[{"href":"https:\/\/wooderson.websitetotal.com\/sr\/wp-json\/wp\/v2\/types\/product"}],"replies":[{"embeddable":true,"href":"https:\/\/wooderson.websitetotal.com\/sr\/wp-json\/wp\/v2\/comments?post=583"}],"wp:featuredmedia":[{"embeddable":true,"href":"https:\/\/wooderson.websitetotal.com\/sr\/wp-json\/wp\/v2\/media\/614"}],"wp:attachment":[{"href":"https:\/\/wooderson.websitetotal.com\/sr\/wp-json\/wp\/v2\/media?parent=583"}],"wp:term":[{"taxonomy":"product_brand","embeddable":true,"href":"https:\/\/wooderson.websitetotal.com\/sr\/wp-json\/wp\/v2\/product_brand?post=583"},{"taxonomy":"product_cat","embeddable":true,"href":"https:\/\/wooderson.websitetotal.com\/sr\/wp-json\/wp\/v2\/product_cat?post=583"},{"taxonomy":"product_tag","embeddable":true,"href":"https:\/\/wooderson.websitetotal.com\/sr\/wp-json\/wp\/v2\/product_tag?post=583"}],"curies":[{"name":"wp","href":"https:\/\/api.w.org\/{rel}","templated":true}]}}